{"id":15272,"date":"2022-07-22T15:55:55","date_gmt":"2022-07-22T13:55:55","guid":{"rendered":"https:\/\/asperit.com\/our-partnerships\/"},"modified":"2023-03-07T11:26:41","modified_gmt":"2023-03-07T10:26:41","slug":"our-partnerships","status":"publish","type":"page","link":"https:\/\/asperit.com\/en\/our-partnerships\/","title":{"rendered":"Our partnerships"},"content":{"rendered":"[vc_row type=&#8221;full_width_content&#8221; full_screen_row_position=&#8221;middle&#8221; column_margin=&#8221;none&#8221; equal_height=&#8221;yes&#8221; content_placement=&#8221;middle&#8221; column_direction=&#8221;default&#8221; column_direction_tablet=&#8221;default&#8221; column_direction_phone=&#8221;default&#8221; scene_position=&#8221;center&#8221; top_padding=&#8221;3%&#8221; bottom_padding=&#8221;1%&#8221; text_color=&#8221;dark&#8221; text_align=&#8221;left&#8221; row_border_radius=&#8221;none&#8221; row_border_radius_applies=&#8221;bg&#8221; overflow=&#8221;hidden&#8221; overlay_strength=&#8221;0.3&#8243; gradient_direction=&#8221;left_to_right&#8221; shape_divider_position=&#8221;bottom&#8221; bg_image_animation=&#8221;none&#8221; gradient_type=&#8221;default&#8221; shape_type=&#8221;&#8221;][vc_column top_padding_desktop=&#8221;4vw&#8221; bottom_padding_desktop=&#8221;4vw&#8221; left_padding_desktop=&#8221;7vw&#8221; constrain_group_101=&#8221;yes&#8221; right_padding_desktop=&#8221;7vw&#8221; column_element_direction_desktop=&#8221;default&#8221; column_element_spacing=&#8221;default&#8221; desktop_text_alignment=&#8221;default&#8221; tablet_text_alignment=&#8221;default&#8221; phone_text_alignment=&#8221;default&#8221; background_color_opacity=&#8221;1&#8243; background_hover_color_opacity=&#8221;1&#8243; column_backdrop_filter=&#8221;none&#8221; column_shadow=&#8221;none&#8221; column_border_radius=&#8221;none&#8221; column_link_target=&#8221;_self&#8221; column_position=&#8221;default&#8221; advanced_gradient_angle=&#8221;0&#8243; gradient_direction=&#8221;left_to_right&#8221; overlay_strength=&#8221;0.8&#8243; width=&#8221;1\/1&#8243; tablet_width_inherit=&#8221;default&#8221; animation_type=&#8221;default&#8221; bg_image_animation=&#8221;none&#8221; border_type=&#8221;simple&#8221; column_border_width=&#8221;none&#8221; column_border_style=&#8221;solid&#8221; gradient_type=&#8221;default&#8221; column_padding_type=&#8221;advanced&#8221;][vc_row_inner content_placement=&#8221;middle&#8221; column_margin=&#8221;none&#8221; column_direction=&#8221;default&#8221; column_direction_tablet=&#8221;default&#8221; column_direction_phone=&#8221;default&#8221; top_padding=&#8221;5%&#8221; top_padding_tablet=&#8221;8%&#8221; text_align=&#8221;center&#8221; row_position=&#8221;default&#8221; row_position_tablet=&#8221;inherit&#8221; row_position_phone=&#8221;inherit&#8221; overflow=&#8221;visible&#8221; pointer_events=&#8221;all&#8221;][vc_column_inner column_padding=&#8221;no-extra-padding&#8221; column_padding_tablet=&#8221;inherit&#8221; column_padding_phone=&#8221;inherit&#8221; column_padding_position=&#8221;all&#8221; column_element_direction_desktop=&#8221;default&#8221; column_element_spacing=&#8221;0px&#8221; desktop_text_alignment=&#8221;default&#8221; tablet_text_alignment=&#8221;default&#8221; phone_text_alignment=&#8221;default&#8221; background_color_opacity=&#8221;1&#8243; background_hover_color_opacity=&#8221;1&#8243; column_backdrop_filter=&#8221;none&#8221; column_shadow=&#8221;none&#8221; column_border_radius=&#8221;none&#8221; column_link_target=&#8221;_self&#8221; overflow=&#8221;visible&#8221; advanced_gradient_angle=&#8221;0&#8243; gradient_direction=&#8221;left_to_right&#8221; overlay_strength=&#8221;0.3&#8243; width=&#8221;1\/1&#8243; tablet_width_inherit=&#8221;default&#8221; animation_type=&#8221;default&#8221; enable_animation=&#8221;true&#8221; animation=&#8221;fade-in-from-bottom&#8221; mobile_disable_entrance_animation=&#8221;true&#8221; animation_easing=&#8221;default&#8221; bg_image_animation=&#8221;none&#8221; border_type=&#8221;simple&#8221; column_border_width=&#8221;none&#8221; column_border_style=&#8221;solid&#8221; gradient_type=&#8221;default&#8221; column_padding_type=&#8221;default&#8221; delay=&#8221;900&#8243;][nectar_highlighted_text scribble_color=&#8221;#e2b75f&#8221; style=&#8221;scribble&#8221; scribble_shape=&#8221;basic-underline&#8221; scribble_thickness=&#8221;regular&#8221; scribble_speed=&#8221;0s&#8221; scribble_easing=&#8221;ease_in_out&#8221; disable_mobile_animation=&#8221;true&#8221; custom_font_size=&#8221;5vw&#8221; font_size_tablet=&#8221;7vw&#8221; font_line_height=&#8221;1.1em&#8221;]\n<h1 style=\"text-align: center;\"><em>Autism<\/em> in the professional environment<\/h1>\n[\/nectar_highlighted_text][\/vc_column_inner][\/vc_row_inner][vc_row_inner column_margin=&#8221;default&#8221; column_direction=&#8221;default&#8221; column_direction_tablet=&#8221;default&#8221; column_direction_phone=&#8221;default&#8221; top_padding=&#8221;3vw&#8221; text_align=&#8221;center&#8221; row_position=&#8221;default&#8221; row_position_tablet=&#8221;inherit&#8221; row_position_phone=&#8221;inherit&#8221; overflow=&#8221;visible&#8221; pointer_events=&#8221;all&#8221;][vc_column_inner column_padding=&#8221;no-extra-padding&#8221; column_padding_tablet=&#8221;inherit&#8221; column_padding_phone=&#8221;inherit&#8221; column_padding_position=&#8221;all&#8221; column_element_direction_desktop=&#8221;horizontal&#8221; column_element_direction_tablet=&#8221;horizontal&#8221; column_element_direction_phone=&#8221;horizontal&#8221; column_element_alignment=&#8221;center&#8221; column_element_spacing=&#8221;20px&#8221; desktop_text_alignment=&#8221;center&#8221; tablet_text_alignment=&#8221;default&#8221; phone_text_alignment=&#8221;default&#8221; background_color_opacity=&#8221;1&#8243; background_hover_color_opacity=&#8221;1&#8243; column_backdrop_filter=&#8221;none&#8221; column_shadow=&#8221;none&#8221; column_border_radius=&#8221;none&#8221; column_link_target=&#8221;_self&#8221; overflow=&#8221;visible&#8221; advanced_gradient_angle=&#8221;0&#8243; gradient_direction=&#8221;left_to_right&#8221; overlay_strength=&#8221;0.3&#8243; width=&#8221;1\/1&#8243; tablet_width_inherit=&#8221;default&#8221; animation_type=&#8221;default&#8221; enable_animation=&#8221;true&#8221; animation=&#8221;fade-in-from-bottom&#8221; mobile_disable_entrance_animation=&#8221;true&#8221; animation_easing=&#8221;default&#8221; bg_image_animation=&#8221;none&#8221; border_type=&#8221;simple&#8221; column_border_width=&#8221;none&#8221; column_border_style=&#8221;solid&#8221; gradient_type=&#8221;default&#8221; delay=&#8221;1100&#8243; column_padding_type=&#8221;default&#8221; animation_offset=&#8221;100%&#8221;][split_line_heading animation_type=&#8221;line-reveal-by-space&#8221; font_style=&#8221;h3&#8243; line_reveal_by_space_text_effect=&#8221;default&#8221; content_alignment=&#8221;center&#8221; mobile_content_alignment=&#8221;inherit&#8221; link_target=&#8221;_self&#8221; text_content=&#8221;Check out who we have worked with and read case studies!&#8221;][\/split_line_heading][\/vc_column_inner][\/vc_row_inner][\/vc_column][\/vc_row][vc_row type=&#8221;full_width_content&#8221; full_screen_row_position=&#8221;middle&#8221; column_margin=&#8221;default&#8221; column_direction=&#8221;default&#8221; column_direction_tablet=&#8221;default&#8221; column_direction_phone=&#8221;default&#8221; scene_position=&#8221;center&#8221; top_padding=&#8221;1%&#8221; bottom_padding=&#8221;1%&#8221; left_padding_desktop=&#8221;8%&#8221; right_padding_desktop=&#8221;8%&#8221; top_padding_tablet=&#8221;10%&#8221; bottom_padding_tablet=&#8221;15%&#8221; left_padding_tablet=&#8221;8%&#8221; text_color=&#8221;dark&#8221; text_align=&#8221;left&#8221; row_border_radius=&#8221;none&#8221; row_border_radius_applies=&#8221;bg&#8221; overflow=&#8221;hidden&#8221; advanced_gradient_angle=&#8221;0&#8243; overlay_strength=&#8221;0.3&#8243; gradient_direction=&#8221;left_to_right&#8221; shape_divider_color=&#8221;#000000&#8243; shape_divider_position=&#8221;top&#8221; bg_image_animation=&#8221;none&#8221; shape_type=&#8221;straight_section&#8221; gradient_type=&#8221;default&#8221;][vc_column column_padding=&#8221;no-extra-padding&#8221; column_padding_tablet=&#8221;inherit&#8221; column_padding_phone=&#8221;inherit&#8221; column_padding_position=&#8221;all&#8221; column_element_direction_desktop=&#8221;default&#8221; column_element_spacing=&#8221;0px&#8221; desktop_text_alignment=&#8221;default&#8221; tablet_text_alignment=&#8221;default&#8221; phone_text_alignment=&#8221;default&#8221; background_color=&#8221;#eff1f3&#8243; background_color_opacity=&#8221;1&#8243; background_hover_color_opacity=&#8221;1&#8243; column_backdrop_filter=&#8221;none&#8221; column_shadow=&#8221;none&#8221; column_border_radius=&#8221;none&#8221; column_link_target=&#8221;_self&#8221; column_position=&#8221;default&#8221; gradient_direction=&#8221;left_to_right&#8221; overlay_strength=&#8221;0.3&#8243; width=&#8221;1\/1&#8243; tablet_width_inherit=&#8221;default&#8221; animation_type=&#8221;default&#8221; bg_image_animation=&#8221;none&#8221; border_type=&#8221;simple&#8221; column_border_width=&#8221;none&#8221; column_border_style=&#8221;solid&#8221; column_padding_type=&#8221;default&#8221; gradient_type=&#8221;default&#8221;][carousel script=&#8221;flickity&#8221; flickity_formatting=&#8221;default&#8221; desktop_cols_flickity=&#8221;4&#8243; desktop_small_cols_flickity=&#8221;3&#8243; tablet_cols_flickity=&#8221;1&#8243; phone_cols_flickity=&#8221;1&#8243; flickity_controls=&#8221;next_prev_arrows_overlaid&#8221; color=&#8221;default&#8221; flickity_overflow=&#8221;visible&#8221; flickity_wrap_around=&#8221;wrap&#8221; flickity_spacing=&#8221;default&#8221; flickity_column_vertical_alignment=&#8221;default&#8221; column_padding=&#8221;15px&#8221; flickity_element_spacing=&#8221;default&#8221; border_radius=&#8221;none&#8221; autorotate=&#8221;true&#8221; autorotate_type=&#8221;default&#8221; autorotation_speed=&#8221;4000&#8243;][item simple_slider_bg_image_position=&#8221;default&#8221; simple_slider_overlay_strength=&#8221;0.3&#8243; simple_slider_bg_image_loading=&#8221;default&#8221; id=&#8221;1669980855300-2&#8243; title=&#8221;Item&#8221; tab_id=&#8221;1669980855300-5&#8243;][fancy_box box_style=&#8221;image_above_text_underline&#8221; image_url=&#8221;13023&#8243; image_aspect_ratio=&#8221;1-1&#8243; content_color=&#8221;#000000&#8243; border_radius=&#8221;default&#8221; image_loading=&#8221;default&#8221; enable_animation=&#8221;true&#8221; animation=&#8221;fade-in-from-right&#8221; image_size=&#8221;large&#8221; link_url=&#8221;https:\/\/asperit.com\/10clouds-case-study\/&#8221;]\n<p style=\"text-align: left;\"><span style=\"font-size: 15pt;\">10Clouds<br \/>\n<\/span><span style=\"font-size: 11pt;\">We analysed the company&#8217;s readiness for neurodiversity and increased employees&#8217; knowledge of autism<\/span>[\/fancy_box][\/item][item simple_slider_bg_image_position=&#8221;default&#8221; simple_slider_overlay_strength=&#8221;0.3&#8243; simple_slider_bg_image_loading=&#8221;default&#8221; id=&#8221;1669980855300-2&#8243; title=&#8221;Item&#8221; tab_id=&#8221;1669980855300-5&#8243;][fancy_box box_style=&#8221;image_above_text_underline&#8221; image_url=&#8221;13275&#8243; image_aspect_ratio=&#8221;1-1&#8243; link_new_tab=&#8221;true&#8221; content_color=&#8221;#000000&#8243; border_radius=&#8221;default&#8221; image_loading=&#8221;default&#8221; enable_animation=&#8221;true&#8221; animation=&#8221;fade-in-from-right&#8221; image_size=&#8221;large&#8221; link_url=&#8221;https:\/\/asperit.com\/jeppesen-a-boeing-company-case-study\/&#8221;]\n<p style=\"text-align: left;\"><span style=\"font-size: 15pt;\">Jeppesen <\/span><span style=\"font-size: 15pt;\">A Boeing Company<br \/>\n<\/span><span style=\"font-size: 11pt;\">Raising awareness among employees about neurodiversity and autism<\/span>[\/fancy_box][\/item][item simple_slider_bg_image_position=&#8221;default&#8221; simple_slider_overlay_strength=&#8221;0.3&#8243; simple_slider_bg_image_loading=&#8221;default&#8221; id=&#8221;1669980855338-1&#8243; title=&#8221;Item&#8221; tab_id=&#8221;1669980855338-5&#8243;][fancy_box box_style=&#8221;image_above_text_underline&#8221; image_url=&#8221;13084&#8243; image_aspect_ratio=&#8221;1-1&#8243; content_color=&#8221;#000000&#8243; border_radius=&#8221;default&#8221; image_loading=&#8221;default&#8221; enable_animation=&#8221;true&#8221; animation=&#8221;fade-in-from-right&#8221; image_size=&#8221;large&#8221; delay=&#8221;100&#8243; link_url=&#8221;https:\/\/asperit.com\/proctergamble-case-study\/&#8221;]\n<p style=\"text-align: left;\"><span style=\"font-size: 15pt;\">Procter&amp;Gamble<br \/>\n<\/span><span style=\"font-size: 11pt;\">We supported the recruitment of people on the autism spectrum to work as data analysts and trained P&amp;G employees<\/span>[\/fancy_box][\/item][item simple_slider_bg_image_position=&#8221;default&#8221; simple_slider_overlay_strength=&#8221;0.3&#8243; simple_slider_bg_image_loading=&#8221;default&#8221; id=&#8221;1669980855338-1&#8243; title=&#8221;Item&#8221; tab_id=&#8221;1669980855338-5&#8243;][fancy_box box_style=&#8221;image_above_text_underline&#8221; image_url=&#8221;13233&#8243; image_aspect_ratio=&#8221;1-1&#8243; link_new_tab=&#8221;true&#8221; content_color=&#8221;#000000&#8243; border_radius=&#8221;default&#8221; image_loading=&#8221;default&#8221; enable_animation=&#8221;true&#8221; animation=&#8221;fade-in-from-right&#8221; image_size=&#8221;large&#8221; delay=&#8221;100&#8243; link_url=&#8221;https:\/\/asperit.com\/santander-case-study\/&#8221;]\n<p style=\"text-align: left;\"><span style=\"font-size: 15pt;\">Santander<br \/>\n<\/span><span style=\"font-size: 11pt;\">Raising awareness among employees about neurodiversity and autism<\/span><\/p>\n[\/fancy_box][\/item][item simple_slider_bg_image_url=&#8221;https:\/\/source.unsplash.com\/M6E8SO73MPY&#8221; simple_slider_bg_image_position=&#8221;default&#8221; simple_slider_overlay_strength=&#8221;0.3&#8243; simple_slider_bg_image_loading=&#8221;default&#8221; id=&#8221;1669980855359-8&#8243; title=&#8221;Item&#8221; tab_id=&#8221;1669980855359-5&#8243;][fancy_box box_style=&#8221;image_above_text_underline&#8221; image_url=&#8221;11691&#8243; image_aspect_ratio=&#8221;1-1&#8243; link_new_tab=&#8221;true&#8221; content_color=&#8221;#000000&#8243; border_radius=&#8221;default&#8221; image_loading=&#8221;default&#8221; enable_animation=&#8221;true&#8221; animation=&#8221;fade-in-from-right&#8221; image_size=&#8221;large&#8221; delay=&#8221;300&#8243; link_url=&#8221;https:\/\/asperit.com\/vulcan-case-study\/&#8221;]<span style=\"font-size: 15pt;\">Vulcan<br \/>\n<\/span><span style=\"font-size: 11pt;\">We collaborate by providing exclusive time for a software tester on the autism spectrum (bodyleasing).<\/span>[\/fancy_box][\/item][item simple_slider_bg_image_position=&#8221;default&#8221; simple_slider_overlay_strength=&#8221;0.3&#8243; simple_slider_bg_image_loading=&#8221;default&#8221; id=&#8221;1669980855379-7&#8243; title=&#8221;Item&#8221; tab_id=&#8221;1669980855379-6&#8243;][fancy_box box_style=&#8221;image_above_text_underline&#8221; image_url=&#8221;11692&#8243; image_aspect_ratio=&#8221;1-1&#8243; link_new_tab=&#8221;true&#8221; content_color=&#8221;#000000&#8243; border_radius=&#8221;default&#8221; image_loading=&#8221;default&#8221; enable_animation=&#8221;true&#8221; animation=&#8221;fade-in-from-right&#8221; image_size=&#8221;large&#8221; delay=&#8221;400&#8243; link_url=&#8221;https:\/\/asperit.com\/ey_casestudy\/&#8221;]\n<p style=\"text-align: left;\"><span style=\"font-size: 15pt;\">EY Polska<br \/>\n<\/span><span style=\"font-size: 11pt;\">We supported the employment of people on the spectrum and the implementation of the Neurodiversity Center of Excellence in Poland<\/span>[\/fancy_box][\/item][item simple_slider_bg_image_position=&#8221;default&#8221; simple_slider_overlay_strength=&#8221;0.3&#8243; simple_slider_bg_image_loading=&#8221;default&#8221; id=&#8221;1669980855379-7&#8243; title=&#8221;Item&#8221; tab_id=&#8221;1669980855379-6&#8243;][fancy_box box_style=&#8221;image_above_text_underline&#8221; image_url=&#8221;11749&#8243; image_aspect_ratio=&#8221;1-1&#8243; content_color=&#8221;#000000&#8243; border_radius=&#8221;default&#8221; image_loading=&#8221;default&#8221; enable_animation=&#8221;true&#8221; animation=&#8221;fade-in-from-right&#8221; image_size=&#8221;large&#8221; delay=&#8221;400&#8243;]\n<p style=\"text-align: left;\"><span style=\"font-size: 15pt;\">HCL<br \/>\n<\/span><span style=\"font-size: 11pt;\">Raising awareness among employees about neurodiversity and autism<\/span><\/p>\n[\/fancy_box][\/item][item simple_slider_bg_image_position=&#8221;default&#8221; simple_slider_overlay_strength=&#8221;0.3&#8243; simple_slider_bg_image_loading=&#8221;default&#8221; id=&#8221;1669980855379-7&#8243; title=&#8221;Item&#8221; tab_id=&#8221;1669980855379-6&#8243;][fancy_box box_style=&#8221;image_above_text_underline&#8221; image_url=&#8221;13292&#8243; image_aspect_ratio=&#8221;1-1&#8243; content_color=&#8221;#000000&#8243; border_radius=&#8221;default&#8221; image_loading=&#8221;default&#8221; enable_animation=&#8221;true&#8221; animation=&#8221;fade-in-from-right&#8221; image_size=&#8221;large&#8221; delay=&#8221;400&#8243;]\n<p style=\"text-align: left;\"><span style=\"font-size: 15pt;\">BNP Paribas<br \/>\n<\/span><span style=\"font-size: 11pt;\">We tested the company&#8217;s readiness for neurodiversity in the workplace<\/span>[\/fancy_box][\/item][item simple_slider_bg_image_position=&#8221;default&#8221; simple_slider_overlay_strength=&#8221;0.3&#8243; simple_slider_bg_image_loading=&#8221;default&#8221; id=&#8221;1669980855379-7&#8243; title=&#8221;Item&#8221; tab_id=&#8221;1669980855379-6&#8243;][fancy_box box_style=&#8221;image_above_text_underline&#8221; image_url=&#8221;13289&#8243; image_aspect_ratio=&#8221;1-1&#8243; content_color=&#8221;#000000&#8243; border_radius=&#8221;default&#8221; image_loading=&#8221;default&#8221; enable_animation=&#8221;true&#8221; animation=&#8221;fade-in-from-right&#8221; image_size=&#8221;large&#8221; delay=&#8221;400&#8243;]\n<p style=\"text-align: left;\"><span style=\"font-size: 15pt;\">Paramount<\/span><span style=\"font-size: 11pt;\"><br \/>\nWe train staff and check readiness to employ people on the spectrum<\/span>[\/fancy_box][\/item][\/carousel][\/vc_column][\/vc_row]\n","protected":false},"excerpt":{"rendered":"<p>[vc_row type=&#8221;full_width_content&#8221; full_screen_row_position=&#8221;middle&#8221; column_margin=&#8221;none&#8221; equal_height=&#8221;yes&#8221; content_placement=&#8221;middle&#8221; column_direction=&#8221;default&#8221; column_direction_tablet=&#8221;default&#8221; column_direction_phone=&#8221;default&#8221; scene_position=&#8221;center&#8221; top_padding=&#8221;3%&#8221; bottom_padding=&#8221;1%&#8221; text_color=&#8221;dark&#8221; text_align=&#8221;left&#8221; row_border_radius=&#8221;none&#8221;&#8230;<\/p>\n","protected":false},"author":1,"featured_media":14429,"parent":0,"menu_order":0,"comment_status":"closed","ping_status":"closed","template":"","meta":{"inline_featured_image":false,"_exactmetrics_skip_tracking":false,"_exactmetrics_sitenote_active":false,"_exactmetrics_sitenote_note":"","_exactmetrics_sitenote_category":0,"footnotes":""},"class_list":["post-15272","page","type-page","status-publish","has-post-thumbnail"],"yoast_head":"<!-- This site is optimized with the Yoast SEO plugin v26.7 - https:\/\/yoast.com\/wordpress\/plugins\/seo\/ -->\n<title>Our partnerships - asperIT.com<\/title>\n<meta name=\"description\" content=\"Find out with whom and how we have collaborated on building neurodiversity and software testing. Read the case studies.\" \/>\n<meta name=\"robots\" content=\"index, follow, max-snippet:-1, max-image-preview:large, max-video-preview:-1\" \/>\n<link rel=\"canonical\" href=\"https:\/\/asperit.com\/en\/our-partnerships\/\" \/>\n<meta property=\"og:locale\" content=\"en_US\" \/>\n<meta property=\"og:type\" content=\"article\" \/>\n<meta property=\"og:title\" content=\"Our partnerships - asperIT.com\" \/>\n<meta property=\"og:description\" content=\"Find out with whom and how we have collaborated on building neurodiversity and software testing. Read the case studies.\" \/>\n<meta property=\"og:url\" content=\"https:\/\/asperit.com\/en\/our-partnerships\/\" \/>\n<meta property=\"og:site_name\" content=\"asperIT.com\" \/>\n<meta property=\"article:modified_time\" content=\"2023-03-07T10:26:41+00:00\" \/>\n<meta property=\"og:image\" content=\"https:\/\/asperit.com\/wp-content\/uploads\/2022\/12\/szczego\u0301ly-wspo\u0301lpracy.png\" \/>\n\t<meta property=\"og:image:width\" content=\"1080\" \/>\n\t<meta property=\"og:image:height\" content=\"1080\" \/>\n\t<meta property=\"og:image:type\" content=\"image\/png\" \/>\n<meta name=\"twitter:card\" content=\"summary_large_image\" \/>\n<meta name=\"twitter:label1\" content=\"Est. reading time\" \/>\n\t<meta name=\"twitter:data1\" content=\"8 minutes\" \/>\n<script type=\"application\/ld+json\" class=\"yoast-schema-graph\">{\"@context\":\"https:\/\/schema.org\",\"@graph\":[{\"@type\":\"WebPage\",\"@id\":\"https:\/\/asperit.com\/en\/our-partnerships\/\",\"url\":\"https:\/\/asperit.com\/en\/our-partnerships\/\",\"name\":\"Our partnerships - asperIT.com\",\"isPartOf\":{\"@id\":\"https:\/\/asperit.com\/#website\"},\"primaryImageOfPage\":{\"@id\":\"https:\/\/asperit.com\/en\/our-partnerships\/#primaryimage\"},\"image\":{\"@id\":\"https:\/\/asperit.com\/en\/our-partnerships\/#primaryimage\"},\"thumbnailUrl\":\"https:\/\/asperit.com\/wp-content\/uploads\/2022\/12\/szczego\u0301ly-wspo\u0301lpracy.png\",\"datePublished\":\"2022-07-22T13:55:55+00:00\",\"dateModified\":\"2023-03-07T10:26:41+00:00\",\"description\":\"Find out with whom and how we have collaborated on building neurodiversity and software testing. Read the case studies.\",\"breadcrumb\":{\"@id\":\"https:\/\/asperit.com\/en\/our-partnerships\/#breadcrumb\"},\"inLanguage\":\"en-US\",\"potentialAction\":[{\"@type\":\"ReadAction\",\"target\":[\"https:\/\/asperit.com\/en\/our-partnerships\/\"]}]},{\"@type\":\"ImageObject\",\"inLanguage\":\"en-US\",\"@id\":\"https:\/\/asperit.com\/en\/our-partnerships\/#primaryimage\",\"url\":\"https:\/\/asperit.com\/wp-content\/uploads\/2022\/12\/szczego\u0301ly-wspo\u0301lpracy.png\",\"contentUrl\":\"https:\/\/asperit.com\/wp-content\/uploads\/2022\/12\/szczego\u0301ly-wspo\u0301lpracy.png\",\"width\":1080,\"height\":1080},{\"@type\":\"BreadcrumbList\",\"@id\":\"https:\/\/asperit.com\/en\/our-partnerships\/#breadcrumb\",\"itemListElement\":[{\"@type\":\"ListItem\",\"position\":1,\"name\":\"Strona g\u0142\u00f3wna\",\"item\":\"https:\/\/asperit.com\/en\/\"},{\"@type\":\"ListItem\",\"position\":2,\"name\":\"Our partnerships\"}]},{\"@type\":\"WebSite\",\"@id\":\"https:\/\/asperit.com\/#website\",\"url\":\"https:\/\/asperit.com\/\",\"name\":\"asperIT.com\",\"description\":\"Testujemy oprogramowanie z neuronietypowym podej\u015bciem i pomagamy firmom budowa\u0107 \u015brodowisko pracy przyjazne osobom w spektrum autyzmu\",\"potentialAction\":[{\"@type\":\"SearchAction\",\"target\":{\"@type\":\"EntryPoint\",\"urlTemplate\":\"https:\/\/asperit.com\/?s={search_term_string}\"},\"query-input\":{\"@type\":\"PropertyValueSpecification\",\"valueRequired\":true,\"valueName\":\"search_term_string\"}}],\"inLanguage\":\"en-US\"}]}<\/script>\n<!-- \/ Yoast SEO plugin. -->","yoast_head_json":{"title":"Our partnerships - asperIT.com","description":"Find out with whom and how we have collaborated on building neurodiversity and software testing. Read the case studies.","robots":{"index":"index","follow":"follow","max-snippet":"max-snippet:-1","max-image-preview":"max-image-preview:large","max-video-preview":"max-video-preview:-1"},"canonical":"https:\/\/asperit.com\/en\/our-partnerships\/","og_locale":"en_US","og_type":"article","og_title":"Our partnerships - asperIT.com","og_description":"Find out with whom and how we have collaborated on building neurodiversity and software testing. Read the case studies.","og_url":"https:\/\/asperit.com\/en\/our-partnerships\/","og_site_name":"asperIT.com","article_modified_time":"2023-03-07T10:26:41+00:00","og_image":[{"width":1080,"height":1080,"url":"https:\/\/asperit.com\/wp-content\/uploads\/2022\/12\/szczego\u0301ly-wspo\u0301lpracy.png","type":"image\/png"}],"twitter_card":"summary_large_image","twitter_misc":{"Est. reading time":"8 minutes"},"schema":{"@context":"https:\/\/schema.org","@graph":[{"@type":"WebPage","@id":"https:\/\/asperit.com\/en\/our-partnerships\/","url":"https:\/\/asperit.com\/en\/our-partnerships\/","name":"Our partnerships - asperIT.com","isPartOf":{"@id":"https:\/\/asperit.com\/#website"},"primaryImageOfPage":{"@id":"https:\/\/asperit.com\/en\/our-partnerships\/#primaryimage"},"image":{"@id":"https:\/\/asperit.com\/en\/our-partnerships\/#primaryimage"},"thumbnailUrl":"https:\/\/asperit.com\/wp-content\/uploads\/2022\/12\/szczego\u0301ly-wspo\u0301lpracy.png","datePublished":"2022-07-22T13:55:55+00:00","dateModified":"2023-03-07T10:26:41+00:00","description":"Find out with whom and how we have collaborated on building neurodiversity and software testing. Read the case studies.","breadcrumb":{"@id":"https:\/\/asperit.com\/en\/our-partnerships\/#breadcrumb"},"inLanguage":"en-US","potentialAction":[{"@type":"ReadAction","target":["https:\/\/asperit.com\/en\/our-partnerships\/"]}]},{"@type":"ImageObject","inLanguage":"en-US","@id":"https:\/\/asperit.com\/en\/our-partnerships\/#primaryimage","url":"https:\/\/asperit.com\/wp-content\/uploads\/2022\/12\/szczego\u0301ly-wspo\u0301lpracy.png","contentUrl":"https:\/\/asperit.com\/wp-content\/uploads\/2022\/12\/szczego\u0301ly-wspo\u0301lpracy.png","width":1080,"height":1080},{"@type":"BreadcrumbList","@id":"https:\/\/asperit.com\/en\/our-partnerships\/#breadcrumb","itemListElement":[{"@type":"ListItem","position":1,"name":"Strona g\u0142\u00f3wna","item":"https:\/\/asperit.com\/en\/"},{"@type":"ListItem","position":2,"name":"Our partnerships"}]},{"@type":"WebSite","@id":"https:\/\/asperit.com\/#website","url":"https:\/\/asperit.com\/","name":"asperIT.com","description":"Testujemy oprogramowanie z neuronietypowym podej\u015bciem i pomagamy firmom budowa\u0107 \u015brodowisko pracy przyjazne osobom w spektrum autyzmu","potentialAction":[{"@type":"SearchAction","target":{"@type":"EntryPoint","urlTemplate":"https:\/\/asperit.com\/?s={search_term_string}"},"query-input":{"@type":"PropertyValueSpecification","valueRequired":true,"valueName":"search_term_string"}}],"inLanguage":"en-US"}]}},"_links":{"self":[{"href":"https:\/\/asperit.com\/en\/wp-json\/wp\/v2\/pages\/15272","targetHints":{"allow":["GET"]}}],"collection":[{"href":"https:\/\/asperit.com\/en\/wp-json\/wp\/v2\/pages"}],"about":[{"href":"https:\/\/asperit.com\/en\/wp-json\/wp\/v2\/types\/page"}],"author":[{"embeddable":true,"href":"https:\/\/asperit.com\/en\/wp-json\/wp\/v2\/users\/1"}],"replies":[{"embeddable":true,"href":"https:\/\/asperit.com\/en\/wp-json\/wp\/v2\/comments?post=15272"}],"version-history":[{"count":8,"href":"https:\/\/asperit.com\/en\/wp-json\/wp\/v2\/pages\/15272\/revisions"}],"predecessor-version":[{"id":16123,"href":"https:\/\/asperit.com\/en\/wp-json\/wp\/v2\/pages\/15272\/revisions\/16123"}],"wp:featuredmedia":[{"embeddable":true,"href":"https:\/\/asperit.com\/en\/wp-json\/wp\/v2\/media\/14429"}],"wp:attachment":[{"href":"https:\/\/asperit.com\/en\/wp-json\/wp\/v2\/media?parent=15272"}],"curies":[{"name":"wp","href":"https:\/\/api.w.org\/{rel}","templated":true}]}}