{"id":15231,"date":"2022-11-08T12:46:49","date_gmt":"2022-11-08T11:46:49","guid":{"rendered":"https:\/\/asperit.com\/asperit-x-ey-poland-pilot-recruitment-of-people-in-the-spectrum\/"},"modified":"2023-03-07T09:46:49","modified_gmt":"2023-03-07T08:46:49","slug":"asperit-x-ey-poland-pilot-recruitment-of-people-in-the-spectrum","status":"publish","type":"page","link":"https:\/\/asperit.com\/en\/asperit-x-ey-poland-pilot-recruitment-of-people-in-the-spectrum\/","title":{"rendered":"asperIT \u00d7 EY Poland &#8211; pilot recruitment of people in the spectrum"},"content":{"rendered":"[vc_row type=&#8221;full_width_content&#8221; full_screen_row_position=&#8221;middle&#8221; column_margin=&#8221;default&#8221; equal_height=&#8221;yes&#8221; content_placement=&#8221;middle&#8221; column_direction=&#8221;default&#8221; column_direction_tablet=&#8221;column_reverse&#8221; column_direction_phone=&#8221;column_reverse&#8221; scene_position=&#8221;center&#8221; left_padding_tablet=&#8221;8%&#8221; constrain_group_4=&#8221;yes&#8221; right_padding_tablet=&#8221;8%&#8221; text_color=&#8221;dark&#8221; text_align=&#8221;left&#8221; row_border_radius=&#8221;none&#8221; row_border_radius_applies=&#8221;bg&#8221; overflow=&#8221;visible&#8221; advanced_gradient_angle=&#8221;0&#8243; overlay_strength=&#8221;0.3&#8243; gradient_direction=&#8221;left_to_right&#8221; shape_divider_position=&#8221;bottom&#8221; bg_image_animation=&#8221;none&#8221; gradient_type=&#8221;default&#8221; shape_type=&#8221;&#8221;][vc_column column_padding=&#8221;padding-8-percent&#8221; column_padding_tablet=&#8221;no-extra-padding&#8221; column_padding_phone=&#8221;no-extra-padding&#8221; column_padding_position=&#8221;all&#8221; column_element_direction_desktop=&#8221;default&#8221; column_element_spacing=&#8221;default&#8221; desktop_text_alignment=&#8221;default&#8221; tablet_text_alignment=&#8221;default&#8221; phone_text_alignment=&#8221;default&#8221; background_color_opacity=&#8221;1&#8243; background_hover_color_opacity=&#8221;1&#8243; column_backdrop_filter=&#8221;none&#8221; column_shadow=&#8221;none&#8221; column_border_radius=&#8221;none&#8221; column_link_target=&#8221;_self&#8221; column_position=&#8221;default&#8221; advanced_gradient_angle=&#8221;0&#8243; gradient_direction=&#8221;left_to_right&#8221; overlay_strength=&#8221;0.3&#8243; width=&#8221;1\/2&#8243; tablet_width_inherit=&#8221;default&#8221; animation_type=&#8221;default&#8221; bg_image_animation=&#8221;none&#8221; border_type=&#8221;simple&#8221; column_border_width=&#8221;none&#8221; column_border_style=&#8221;solid&#8221; gradient_type=&#8221;default&#8221;][vc_row_inner column_margin=&#8221;none&#8221; column_direction=&#8221;default&#8221; column_direction_tablet=&#8221;default&#8221; column_direction_phone=&#8221;default&#8221; bottom_padding=&#8221;10&#8243; top_padding_tablet=&#8221;8%&#8221; text_align=&#8221;left&#8221; row_position=&#8221;default&#8221; row_position_tablet=&#8221;inherit&#8221; row_position_phone=&#8221;inherit&#8221; overflow=&#8221;visible&#8221; pointer_events=&#8221;all&#8221;][vc_column_inner column_padding=&#8221;no-extra-padding&#8221; column_padding_tablet=&#8221;inherit&#8221; column_padding_phone=&#8221;inherit&#8221; column_padding_position=&#8221;all&#8221; column_element_direction_desktop=&#8221;default&#8221; column_element_spacing=&#8221;default&#8221; desktop_text_alignment=&#8221;default&#8221; tablet_text_alignment=&#8221;default&#8221; phone_text_alignment=&#8221;default&#8221; background_color_opacity=&#8221;1&#8243; background_hover_color_opacity=&#8221;1&#8243; column_backdrop_filter=&#8221;none&#8221; column_shadow=&#8221;none&#8221; column_border_radius=&#8221;none&#8221; column_link_target=&#8221;_self&#8221; overflow=&#8221;visible&#8221; gradient_direction=&#8221;left_to_right&#8221; overlay_strength=&#8221;0.3&#8243; width=&#8221;1\/1&#8243; tablet_width_inherit=&#8221;default&#8221; animation_type=&#8221;default&#8221; enable_animation=&#8221;true&#8221; animation=&#8221;fade-in-from-bottom&#8221; animation_easing=&#8221;default&#8221; bg_image_animation=&#8221;none&#8221; border_type=&#8221;simple&#8221; column_border_width=&#8221;none&#8221; column_border_style=&#8221;solid&#8221; gradient_type=&#8221;default&#8221;][divider line_type=&#8221;No Line&#8221; custom_height=&#8221;40&#8243;][vc_column_text]\n<h5>EY Poland \u00d7 asperIT<\/h5>\n[\/vc_column_text][nectar_highlighted_text color_type=&#8221;gradient&#8221; highlight_color=&#8221;#e2b75f&#8221; secondary_color=&#8221;#ffffff&#8221; text_color=&#8221;#353535&#8243; style=&#8221;half_text&#8221;]\n<h2>We supported the pilot implementation of the Neurodiversity Center of Excellence in <em>EY Poland<\/em><\/h2>\n[\/nectar_highlighted_text][vc_column_text]Cyber security specialists on the autism spectrum? Yes! This is possible when you know how to prepare for the needs and expectations of the neurodiverse worker.<\/p>\n<p>In 2021, we supported EY Poland to train and recruit people on the autism spectrum to its cyber security team as part of EY Poland&#8217;s pilot implementation of the first Neurodiversity Centre of Excellence in Poland.<\/p>\n<p>EY Poland chose our <a href=\"https:\/\/asperit.com\/en\/recruitment\/\"><strong>RECRUITMENT PATH<\/strong><\/a> in which we provided training to the company&#8217;s employees on how to work with people on the autism spectrum and how to build an autism-friendly working environment, and supported the recruitment, training and onboarding of candidates on the spectrum.<\/p>\n<p>EY Poland, in its concern for the development of its neuroatypical employees, has also provided them with the support of asperIT tutors and coaches as part of the <strong><a href=\"https:\/\/asperit.com\/en\/consultative\/\">CONSULTATION<\/a> <a href=\"https:\/\/asperit.com\/en\/consultative\/\">PATH<\/a><\/strong>, as the individual development of their exceptional employees is important in the company&#8217;s development.[\/vc_column_text][\/vc_column_inner][\/vc_row_inner][\/vc_column][vc_column column_padding=&#8221;no-extra-padding&#8221; column_padding_tablet=&#8221;inherit&#8221; column_padding_phone=&#8221;inherit&#8221; column_padding_position=&#8221;all&#8221; column_element_direction_desktop=&#8221;default&#8221; column_element_spacing=&#8221;0px&#8221; desktop_text_alignment=&#8221;default&#8221; tablet_text_alignment=&#8221;default&#8221; phone_text_alignment=&#8221;default&#8221; background_color_opacity=&#8221;1&#8243; background_hover_color_opacity=&#8221;1&#8243; column_backdrop_filter=&#8221;none&#8221; column_shadow=&#8221;none&#8221; column_border_radius=&#8221;none&#8221; column_link_target=&#8221;_self&#8221; column_position=&#8221;default&#8221; advanced_gradient_angle=&#8221;0&#8243; gradient_direction=&#8221;left_to_right&#8221; overlay_strength=&#8221;0.3&#8243; width=&#8221;1\/2&#8243; tablet_width_inherit=&#8221;default&#8221; animation_type=&#8221;default&#8221; bg_image_animation=&#8221;none&#8221; border_type=&#8221;simple&#8221; column_border_width=&#8221;none&#8221; column_border_style=&#8221;solid&#8221; gradient_type=&#8221;default&#8221;][vc_row_inner column_margin=&#8221;default&#8221; column_direction=&#8221;default&#8221; column_direction_tablet=&#8221;default&#8221; column_direction_phone=&#8221;default&#8221; left_padding_desktop=&#8221;20%&#8221; left_padding_tablet=&#8221;10%&#8221; text_align=&#8221;left&#8221; row_position=&#8221;default&#8221; row_position_tablet=&#8221;inherit&#8221; row_position_phone=&#8221;inherit&#8221; overflow=&#8221;visible&#8221; pointer_events=&#8221;all&#8221;][vc_column_inner column_padding=&#8221;no-extra-padding&#8221; column_padding_tablet=&#8221;inherit&#8221; column_padding_phone=&#8221;inherit&#8221; column_padding_position=&#8221;all&#8221; column_element_direction_desktop=&#8221;default&#8221; column_element_spacing=&#8221;default&#8221; desktop_text_alignment=&#8221;default&#8221; tablet_text_alignment=&#8221;default&#8221; phone_text_alignment=&#8221;default&#8221; background_color_opacity=&#8221;1&#8243; background_hover_color_opacity=&#8221;1&#8243; background_image=&#8221;13120&#8243; background_image_position=&#8221;center center&#8221; background_image_stacking=&#8221;default&#8221; background_image_loading=&#8221;default&#8221; column_backdrop_filter=&#8221;none&#8221; column_shadow=&#8221;none&#8221; column_border_radius=&#8221;none&#8221; column_link_target=&#8221;_self&#8221; overflow=&#8221;visible&#8221; advanced_gradient_angle=&#8221;0&#8243; gradient_direction=&#8221;left_to_right&#8221; overlay_strength=&#8221;0.3&#8243; width=&#8221;1\/1&#8243; tablet_width_inherit=&#8221;default&#8221; animation_type=&#8221;default&#8221; bg_image_animation=&#8221;none&#8221; parallax_bg=&#8221;true&#8221; parallax_bg_speed=&#8221;very_subtle&#8221; border_type=&#8221;simple&#8221; column_border_width=&#8221;none&#8221; column_border_style=&#8221;solid&#8221; gradient_type=&#8221;default&#8221; column_padding_type=&#8221;default&#8221;][divider line_type=&#8221;No Line&#8221; custom_height=&#8221;90vh&#8221; custom_height_tablet=&#8221;70vh&#8221; custom_height_phone=&#8221;60vh&#8221;][\/vc_column_inner][\/vc_row_inner][vc_row_inner column_margin=&#8221;default&#8221; column_direction=&#8221;default&#8221; column_direction_tablet=&#8221;default&#8221; column_direction_phone=&#8221;default&#8221; translate_y=&#8221;-50%&#8221; text_align=&#8221;left&#8221; min_width_desktop=&#8221;40%&#8221; row_position=&#8221;absolute&#8221; row_position_tablet=&#8221;inherit&#8221; row_position_phone=&#8221;inherit&#8221; top_position_desktop=&#8221;50%&#8221; left_position_desktop=&#8221;0&#8243; zindex=&#8221;50&#8243; overflow=&#8221;visible&#8221; pointer_events=&#8221;all&#8221;][vc_column_inner column_padding=&#8221;no-extra-padding&#8221; column_padding_tablet=&#8221;inherit&#8221; column_padding_phone=&#8221;inherit&#8221; column_padding_position=&#8221;all&#8221; column_element_direction_desktop=&#8221;default&#8221; column_element_spacing=&#8221;default&#8221; desktop_text_alignment=&#8221;default&#8221; tablet_text_alignment=&#8221;default&#8221; phone_text_alignment=&#8221;default&#8221; background_color_opacity=&#8221;1&#8243; background_hover_color_opacity=&#8221;1&#8243; background_image=&#8221;11692&#8243; background_image_position=&#8221;center center&#8221; background_image_stacking=&#8221;default&#8221; background_image_loading=&#8221;lazy-load&#8221; column_backdrop_filter=&#8221;none&#8221; column_shadow=&#8221;x_large_depth&#8221; column_border_radius=&#8221;none&#8221; column_link_target=&#8221;_self&#8221; overflow=&#8221;visible&#8221; advanced_gradient_angle=&#8221;0&#8243; gradient_direction=&#8221;left_to_right&#8221; overlay_strength=&#8221;0.3&#8243; width=&#8221;1\/1&#8243; tablet_width_inherit=&#8221;default&#8221; animation_type=&#8221;parallax&#8221; animation_movement_type=&#8221;default&#8221; column_parallax_intensity=&#8221;2.25&#8243; persist_movement_on_mobile=&#8221;true&#8221; bg_image_animation=&#8221;none&#8221; parallax_bg=&#8221;true&#8221; parallax_bg_speed=&#8221;very_subtle&#8221; border_type=&#8221;simple&#8221; column_border_width=&#8221;none&#8221; column_border_style=&#8221;solid&#8221; gradient_type=&#8221;default&#8221; column_padding_type=&#8221;default&#8221;][divider line_type=&#8221;No Line&#8221; custom_height=&#8221;50vh&#8221; custom_height_tablet=&#8221;40vh&#8221; custom_height_phone=&#8221;35vh&#8221;][\/vc_column_inner][\/vc_row_inner][\/vc_column][\/vc_row][vc_row type=&#8221;full_width_content&#8221; full_screen_row_position=&#8221;middle&#8221; column_margin=&#8221;default&#8221; column_direction=&#8221;default&#8221; column_direction_tablet=&#8221;default&#8221; column_direction_phone=&#8221;default&#8221; bg_color=&#8221;#ffffff&#8221; scene_position=&#8221;center&#8221; bottom_padding=&#8221;5%&#8221; text_color=&#8221;light&#8221; text_align=&#8221;left&#8221; row_border_radius=&#8221;none&#8221; row_border_radius_applies=&#8221;bg&#8221; overflow=&#8221;visible&#8221; advanced_gradient_angle=&#8221;0&#8243; overlay_strength=&#8221;0.3&#8243; gradient_direction=&#8221;left_to_right&#8221; enable_shape_divider=&#8221;true&#8221; shape_divider_color=&#8221;#09a092&#8243; shape_divider_position=&#8221;bottom&#8221; shape_divider_height=&#8221;50%&#8221; bg_image_animation=&#8221;none&#8221; shape_type=&#8221;straight_section&#8221; gradient_type=&#8221;default&#8221;][vc_column column_padding=&#8221;no-extra-padding&#8221; column_padding_tablet=&#8221;inherit&#8221; column_padding_phone=&#8221;inherit&#8221; column_padding_position=&#8221;all&#8221; column_element_direction_desktop=&#8221;default&#8221; column_element_spacing=&#8221;default&#8221; desktop_text_alignment=&#8221;default&#8221; tablet_text_alignment=&#8221;default&#8221; phone_text_alignment=&#8221;default&#8221; background_color_opacity=&#8221;1&#8243; background_hover_color_opacity=&#8221;1&#8243; column_backdrop_filter=&#8221;none&#8221; column_shadow=&#8221;none&#8221; column_border_radius=&#8221;none&#8221; column_link_target=&#8221;_self&#8221; column_position=&#8221;default&#8221; gradient_direction=&#8221;left_to_right&#8221; overlay_strength=&#8221;0.3&#8243; width=&#8221;1\/1&#8243; tablet_width_inherit=&#8221;default&#8221; animation_type=&#8221;default&#8221; bg_image_animation=&#8221;none&#8221; border_type=&#8221;simple&#8221; column_border_width=&#8221;none&#8221; column_border_style=&#8221;solid&#8221;][nectar_highlighted_text color_type=&#8221;gradient&#8221; highlight_color=&#8221;#e2b75f&#8221; text_color=&#8221;#353535&#8243; style=&#8221;half_text&#8221;]\n<h3 style=\"text-align: center;\">Find out more about our collaboration with <em>EY Poland<\/em> on the blog<\/h3>\n[\/nectar_highlighted_text][divider line_type=&#8221;No Line&#8221; custom_height=&#8221;20&#8243;][recent_posts style=&#8221;multiple_large_featured&#8221; large_featured_padding=&#8221;6%&#8221; mlf_navigation_location=&#8221;bottom&#8221; button_color=&#8221;Extra-Color-3&#8243; bg_overlay=&#8221;diagonal_gradient&#8221; category=&#8221;case-study-pl&#8221; multiple_large_featured_num=&#8221;3&#8243; order=&#8221;DESC&#8221; orderby=&#8221;date&#8221; auto_rotate=&#8221;none&#8221; image_loading=&#8221;default&#8221;][\/vc_column][\/vc_row]\n","protected":false},"excerpt":{"rendered":"<p>[vc_row type=&#8221;full_width_content&#8221; full_screen_row_position=&#8221;middle&#8221; column_margin=&#8221;default&#8221; equal_height=&#8221;yes&#8221; content_placement=&#8221;middle&#8221; column_direction=&#8221;default&#8221; column_direction_tablet=&#8221;column_reverse&#8221; column_direction_phone=&#8221;column_reverse&#8221; scene_position=&#8221;center&#8221; left_padding_tablet=&#8221;8%&#8221; constrain_group_4=&#8221;yes&#8221; right_padding_tablet=&#8221;8%&#8221; text_color=&#8221;dark&#8221; text_align=&#8221;left&#8221;&#8230;<\/p>\n","protected":false},"author":7,"featured_media":0,"parent":0,"menu_order":0,"comment_status":"closed","ping_status":"closed","template":"","meta":{"inline_featured_image":false,"_exactmetrics_skip_tracking":false,"_exactmetrics_sitenote_active":false,"_exactmetrics_sitenote_note":"","_exactmetrics_sitenote_category":0,"footnotes":""},"class_list":["post-15231","page","type-page","status-publish"],"yoast_head":"<!-- This site is optimized with the Yoast SEO plugin v26.7 - https:\/\/yoast.com\/wordpress\/plugins\/seo\/ -->\n<title>EY Poland \u00d7 asperIT - pilot recruitment of people in the spectrum<\/title>\n<meta name=\"description\" content=\"Find out how EY Poland, with the support of asperIT, piloted the employment of people on the autism spectrum in the area of cybersecurity in 2021\" \/>\n<meta name=\"robots\" content=\"index, follow, max-snippet:-1, max-image-preview:large, max-video-preview:-1\" \/>\n<link rel=\"canonical\" href=\"https:\/\/asperit.com\/en\/asperit-x-ey-poland-pilot-recruitment-of-people-in-the-spectrum\/\" \/>\n<meta property=\"og:locale\" content=\"en_US\" \/>\n<meta property=\"og:type\" content=\"article\" \/>\n<meta property=\"og:title\" content=\"EY Poland \u00d7 asperIT - pilot recruitment of people in the spectrum\" \/>\n<meta property=\"og:description\" content=\"Find out how EY Poland, with the support of asperIT, piloted the employment of people on the autism spectrum in the area of cybersecurity in 2021\" \/>\n<meta property=\"og:url\" content=\"https:\/\/asperit.com\/en\/asperit-x-ey-poland-pilot-recruitment-of-people-in-the-spectrum\/\" \/>\n<meta property=\"og:site_name\" content=\"asperIT.com\" \/>\n<meta property=\"article:modified_time\" content=\"2023-03-07T08:46:49+00:00\" \/>\n<meta name=\"twitter:card\" content=\"summary_large_image\" \/>\n<meta name=\"twitter:label1\" content=\"Est. reading time\" \/>\n\t<meta name=\"twitter:data1\" content=\"7 minutes\" \/>\n<script type=\"application\/ld+json\" class=\"yoast-schema-graph\">{\"@context\":\"https:\/\/schema.org\",\"@graph\":[{\"@type\":\"WebPage\",\"@id\":\"https:\/\/asperit.com\/en\/asperit-x-ey-poland-pilot-recruitment-of-people-in-the-spectrum\/\",\"url\":\"https:\/\/asperit.com\/en\/asperit-x-ey-poland-pilot-recruitment-of-people-in-the-spectrum\/\",\"name\":\"EY Poland \u00d7 asperIT - pilot recruitment of people in the spectrum\",\"isPartOf\":{\"@id\":\"https:\/\/asperit.com\/#website\"},\"datePublished\":\"2022-11-08T11:46:49+00:00\",\"dateModified\":\"2023-03-07T08:46:49+00:00\",\"description\":\"Find out how EY Poland, with the support of asperIT, piloted the employment of people on the autism spectrum in the area of cybersecurity in 2021\",\"breadcrumb\":{\"@id\":\"https:\/\/asperit.com\/en\/asperit-x-ey-poland-pilot-recruitment-of-people-in-the-spectrum\/#breadcrumb\"},\"inLanguage\":\"en-US\",\"potentialAction\":[{\"@type\":\"ReadAction\",\"target\":[\"https:\/\/asperit.com\/en\/asperit-x-ey-poland-pilot-recruitment-of-people-in-the-spectrum\/\"]}]},{\"@type\":\"BreadcrumbList\",\"@id\":\"https:\/\/asperit.com\/en\/asperit-x-ey-poland-pilot-recruitment-of-people-in-the-spectrum\/#breadcrumb\",\"itemListElement\":[{\"@type\":\"ListItem\",\"position\":1,\"name\":\"Strona g\u0142\u00f3wna\",\"item\":\"https:\/\/asperit.com\/en\/\"},{\"@type\":\"ListItem\",\"position\":2,\"name\":\"asperIT \u00d7 EY Poland &#8211; pilot recruitment of people in the spectrum\"}]},{\"@type\":\"WebSite\",\"@id\":\"https:\/\/asperit.com\/#website\",\"url\":\"https:\/\/asperit.com\/\",\"name\":\"asperIT.com\",\"description\":\"Testujemy oprogramowanie z neuronietypowym podej\u015bciem i pomagamy firmom budowa\u0107 \u015brodowisko pracy przyjazne osobom w spektrum autyzmu\",\"potentialAction\":[{\"@type\":\"SearchAction\",\"target\":{\"@type\":\"EntryPoint\",\"urlTemplate\":\"https:\/\/asperit.com\/?s={search_term_string}\"},\"query-input\":{\"@type\":\"PropertyValueSpecification\",\"valueRequired\":true,\"valueName\":\"search_term_string\"}}],\"inLanguage\":\"en-US\"}]}<\/script>\n<!-- \/ Yoast SEO plugin. -->","yoast_head_json":{"title":"EY Poland \u00d7 asperIT - pilot recruitment of people in the spectrum","description":"Find out how EY Poland, with the support of asperIT, piloted the employment of people on the autism spectrum in the area of cybersecurity in 2021","robots":{"index":"index","follow":"follow","max-snippet":"max-snippet:-1","max-image-preview":"max-image-preview:large","max-video-preview":"max-video-preview:-1"},"canonical":"https:\/\/asperit.com\/en\/asperit-x-ey-poland-pilot-recruitment-of-people-in-the-spectrum\/","og_locale":"en_US","og_type":"article","og_title":"EY Poland \u00d7 asperIT - pilot recruitment of people in the spectrum","og_description":"Find out how EY Poland, with the support of asperIT, piloted the employment of people on the autism spectrum in the area of cybersecurity in 2021","og_url":"https:\/\/asperit.com\/en\/asperit-x-ey-poland-pilot-recruitment-of-people-in-the-spectrum\/","og_site_name":"asperIT.com","article_modified_time":"2023-03-07T08:46:49+00:00","twitter_card":"summary_large_image","twitter_misc":{"Est. reading time":"7 minutes"},"schema":{"@context":"https:\/\/schema.org","@graph":[{"@type":"WebPage","@id":"https:\/\/asperit.com\/en\/asperit-x-ey-poland-pilot-recruitment-of-people-in-the-spectrum\/","url":"https:\/\/asperit.com\/en\/asperit-x-ey-poland-pilot-recruitment-of-people-in-the-spectrum\/","name":"EY Poland \u00d7 asperIT - pilot recruitment of people in the spectrum","isPartOf":{"@id":"https:\/\/asperit.com\/#website"},"datePublished":"2022-11-08T11:46:49+00:00","dateModified":"2023-03-07T08:46:49+00:00","description":"Find out how EY Poland, with the support of asperIT, piloted the employment of people on the autism spectrum in the area of cybersecurity in 2021","breadcrumb":{"@id":"https:\/\/asperit.com\/en\/asperit-x-ey-poland-pilot-recruitment-of-people-in-the-spectrum\/#breadcrumb"},"inLanguage":"en-US","potentialAction":[{"@type":"ReadAction","target":["https:\/\/asperit.com\/en\/asperit-x-ey-poland-pilot-recruitment-of-people-in-the-spectrum\/"]}]},{"@type":"BreadcrumbList","@id":"https:\/\/asperit.com\/en\/asperit-x-ey-poland-pilot-recruitment-of-people-in-the-spectrum\/#breadcrumb","itemListElement":[{"@type":"ListItem","position":1,"name":"Strona g\u0142\u00f3wna","item":"https:\/\/asperit.com\/en\/"},{"@type":"ListItem","position":2,"name":"asperIT \u00d7 EY Poland &#8211; pilot recruitment of people in the spectrum"}]},{"@type":"WebSite","@id":"https:\/\/asperit.com\/#website","url":"https:\/\/asperit.com\/","name":"asperIT.com","description":"Testujemy oprogramowanie z neuronietypowym podej\u015bciem i pomagamy firmom budowa\u0107 \u015brodowisko pracy przyjazne osobom w spektrum autyzmu","potentialAction":[{"@type":"SearchAction","target":{"@type":"EntryPoint","urlTemplate":"https:\/\/asperit.com\/?s={search_term_string}"},"query-input":{"@type":"PropertyValueSpecification","valueRequired":true,"valueName":"search_term_string"}}],"inLanguage":"en-US"}]}},"_links":{"self":[{"href":"https:\/\/asperit.com\/en\/wp-json\/wp\/v2\/pages\/15231","targetHints":{"allow":["GET"]}}],"collection":[{"href":"https:\/\/asperit.com\/en\/wp-json\/wp\/v2\/pages"}],"about":[{"href":"https:\/\/asperit.com\/en\/wp-json\/wp\/v2\/types\/page"}],"author":[{"embeddable":true,"href":"https:\/\/asperit.com\/en\/wp-json\/wp\/v2\/users\/7"}],"replies":[{"embeddable":true,"href":"https:\/\/asperit.com\/en\/wp-json\/wp\/v2\/comments?post=15231"}],"version-history":[{"count":10,"href":"https:\/\/asperit.com\/en\/wp-json\/wp\/v2\/pages\/15231\/revisions"}],"predecessor-version":[{"id":16084,"href":"https:\/\/asperit.com\/en\/wp-json\/wp\/v2\/pages\/15231\/revisions\/16084"}],"wp:attachment":[{"href":"https:\/\/asperit.com\/en\/wp-json\/wp\/v2\/media?parent=15231"}],"curies":[{"name":"wp","href":"https:\/\/api.w.org\/{rel}","templated":true}]}}