{"id":15226,"date":"2022-10-20T12:24:34","date_gmt":"2022-10-20T10:24:34","guid":{"rendered":"https:\/\/asperit.com\/10clouds-case-study\/"},"modified":"2023-03-06T12:50:19","modified_gmt":"2023-03-06T11:50:19","slug":"10clouds-case-study","status":"publish","type":"page","link":"https:\/\/asperit.com\/en\/10clouds-case-study\/","title":{"rendered":"10Clouds &#8211; Case study"},"content":{"rendered":"[vc_row type=&#8221;full_width_content&#8221; full_screen_row_position=&#8221;middle&#8221; column_margin=&#8221;default&#8221; equal_height=&#8221;yes&#8221; content_placement=&#8221;middle&#8221; column_direction=&#8221;default&#8221; column_direction_tablet=&#8221;column_reverse&#8221; column_direction_phone=&#8221;column_reverse&#8221; scene_position=&#8221;center&#8221; left_padding_tablet=&#8221;8%&#8221; constrain_group_4=&#8221;yes&#8221; right_padding_tablet=&#8221;8%&#8221; text_color=&#8221;dark&#8221; text_align=&#8221;left&#8221; row_border_radius=&#8221;none&#8221; row_border_radius_applies=&#8221;bg&#8221; overflow=&#8221;visible&#8221; advanced_gradient_angle=&#8221;0&#8243; overlay_strength=&#8221;0.3&#8243; gradient_direction=&#8221;left_to_right&#8221; shape_divider_position=&#8221;bottom&#8221; bg_image_animation=&#8221;none&#8221; gradient_type=&#8221;default&#8221; shape_type=&#8221;&#8221;][vc_column column_padding=&#8221;padding-8-percent&#8221; column_padding_tablet=&#8221;no-extra-padding&#8221; column_padding_phone=&#8221;no-extra-padding&#8221; column_padding_position=&#8221;all&#8221; column_element_spacing=&#8221;default&#8221; background_color_opacity=&#8221;1&#8243; background_hover_color_opacity=&#8221;1&#8243; column_shadow=&#8221;none&#8221; column_border_radius=&#8221;none&#8221; column_link_target=&#8221;_self&#8221; column_position=&#8221;default&#8221; advanced_gradient_angle=&#8221;0&#8243; gradient_direction=&#8221;left_to_right&#8221; overlay_strength=&#8221;0.3&#8243; width=&#8221;1\/2&#8243; tablet_width_inherit=&#8221;default&#8221; tablet_text_alignment=&#8221;default&#8221; phone_text_alignment=&#8221;default&#8221; animation_type=&#8221;default&#8221; bg_image_animation=&#8221;none&#8221; border_type=&#8221;simple&#8221; column_border_width=&#8221;none&#8221; column_border_style=&#8221;solid&#8221; gradient_type=&#8221;default&#8221;][vc_row_inner column_margin=&#8221;none&#8221; column_direction=&#8221;default&#8221; column_direction_tablet=&#8221;default&#8221; column_direction_phone=&#8221;default&#8221; bottom_padding=&#8221;10&#8243; top_padding_tablet=&#8221;8%&#8221; text_align=&#8221;left&#8221; row_position=&#8221;default&#8221; row_position_tablet=&#8221;inherit&#8221; row_position_phone=&#8221;inherit&#8221; overflow=&#8221;visible&#8221; pointer_events=&#8221;all&#8221;][vc_column_inner column_padding=&#8221;no-extra-padding&#8221; column_padding_tablet=&#8221;inherit&#8221; column_padding_phone=&#8221;inherit&#8221; column_padding_position=&#8221;all&#8221; column_element_spacing=&#8221;default&#8221; background_color_opacity=&#8221;1&#8243; background_hover_color_opacity=&#8221;1&#8243; column_shadow=&#8221;none&#8221; column_border_radius=&#8221;none&#8221; column_link_target=&#8221;_self&#8221; gradient_direction=&#8221;left_to_right&#8221; overlay_strength=&#8221;0.3&#8243; width=&#8221;1\/1&#8243; tablet_width_inherit=&#8221;default&#8221; animation_type=&#8221;default&#8221; enable_animation=&#8221;true&#8221; animation=&#8221;fade-in-from-bottom&#8221; bg_image_animation=&#8221;none&#8221; border_type=&#8221;simple&#8221; column_border_width=&#8221;none&#8221; column_border_style=&#8221;solid&#8221; gradient_type=&#8221;default&#8221;][divider line_type=&#8221;No Line&#8221; custom_height=&#8221;40&#8243;][vc_column_text]\n<h5>10Clouds x asperIT<\/h5>\n[\/vc_column_text][nectar_highlighted_text color_type=&#8221;gradient&#8221; highlight_color=&#8221;#e2b75f&#8221; secondary_color=&#8221;#ffffff&#8221; text_color=&#8221;#353535&#8243; style=&#8221;half_text&#8221;]\n<h2><em>10Clouds<\/em> is ready to hire people on the autism spectrum<\/h2>\n[\/nectar_highlighted_text][vc_column_text]For almost six months, the <strong>apserIT<\/strong> team worked closely with <strong>10Clouds<\/strong> to test whether 10Clouds&#8217; processes, work environment and communications, as well as the employees themselves, are prepared to work with people on the autism spectrum<\/p>\n<p>These activities resulted in prepering 10Clouds to work consciously and effectively with neurodiverse employees. By combining an employee-friendly company culture with the expertise of asperIT, we can say that <strong>10Clouds is fully ready to hire specialists on the autism spectrum.<\/strong><\/p>\n<p>As asperIT&#8217;s activities consised of:<\/p>\n<ul>\n<li>Raising awareness among company employees about autism, how people on the spectrum function, and how to support neurodiverse employees in their teams.<\/li>\n<li>Helping 10Clouds employees to notice areas in their communications and ongoing processes that needed to be developed and adjusted so that working conditions corresponded to the needs of neuronontypical employees.<\/li>\n<\/ul>\n<p>If you would like to find out more about how the collaboration was going, take a look at our blog.<\/p>\n<p><strong>10Clouds supports #neurodiversity!<\/strong> And what about your company? Does it take needs of neurodiverse people into account?[\/vc_column_text][\/vc_column_inner][\/vc_row_inner][split_line_heading animation_type=&#8221;line-reveal-by-space&#8221; font_style=&#8221;h5&#8243; line_reveal_by_space_text_effect=&#8221;default&#8221; content_alignment=&#8221;default&#8221; mobile_content_alignment=&#8221;inherit&#8221; link_target=&#8221;_self&#8221; text_content=&#8221;Find out more about 10Clouds:&#8221;][\/split_line_heading][nectar_icon icon_family=&#8221;fontawesome&#8221; icon_style=&#8221;default&#8221; icon_color_type=&#8221;color_scheme&#8221; icon_color=&#8221;Extra-Color-3&#8243; open_new_tab=&#8221;true&#8221; icon_padding=&#8221;20px&#8221; pointer_events=&#8221;all&#8221; icon_fontawesome=&#8221;fa fa-facebook-square&#8221; url=&#8221;https:\/\/www.facebook.com\/10Clouds\/&#8221;][nectar_icon icon_family=&#8221;fontawesome&#8221; icon_style=&#8221;default&#8221; icon_color_type=&#8221;color_scheme&#8221; icon_color=&#8221;Extra-Color-3&#8243; open_new_tab=&#8221;true&#8221; icon_padding=&#8221;20px&#8221; pointer_events=&#8221;all&#8221; icon_fontawesome=&#8221;fa fa-linkedin-square&#8221; url=&#8221;https:\/\/www.linkedin.com\/company\/10clouds-com\/&#8221;][nectar_icon icon_family=&#8221;fontawesome&#8221; icon_style=&#8221;default&#8221; icon_color_type=&#8221;color_scheme&#8221; icon_color=&#8221;Extra-Color-3&#8243; icon_padding=&#8221;20px&#8221; pointer_events=&#8221;all&#8221; icon_fontawesome=&#8221;fa fa-globe&#8221; url=&#8221;https:\/\/10clouds.com\/&#8221;][\/vc_column][vc_column column_padding=&#8221;no-extra-padding&#8221; column_padding_tablet=&#8221;inherit&#8221; column_padding_phone=&#8221;inherit&#8221; column_padding_position=&#8221;all&#8221; column_element_spacing=&#8221;0px&#8221; background_color_opacity=&#8221;1&#8243; background_hover_color_opacity=&#8221;1&#8243; column_shadow=&#8221;none&#8221; column_border_radius=&#8221;none&#8221; column_link_target=&#8221;_self&#8221; column_position=&#8221;default&#8221; advanced_gradient_angle=&#8221;0&#8243; gradient_direction=&#8221;left_to_right&#8221; overlay_strength=&#8221;0.3&#8243; width=&#8221;1\/2&#8243; tablet_width_inherit=&#8221;default&#8221; tablet_text_alignment=&#8221;default&#8221; phone_text_alignment=&#8221;default&#8221; animation_type=&#8221;default&#8221; bg_image_animation=&#8221;none&#8221; border_type=&#8221;simple&#8221; column_border_width=&#8221;none&#8221; column_border_style=&#8221;solid&#8221; gradient_type=&#8221;default&#8221;][vc_row_inner column_margin=&#8221;default&#8221; column_direction=&#8221;default&#8221; column_direction_tablet=&#8221;default&#8221; column_direction_phone=&#8221;default&#8221; left_padding_desktop=&#8221;20%&#8221; left_padding_tablet=&#8221;10%&#8221; text_align=&#8221;left&#8221; row_position=&#8221;default&#8221; row_position_tablet=&#8221;inherit&#8221; row_position_phone=&#8221;inherit&#8221; overflow=&#8221;visible&#8221; pointer_events=&#8221;all&#8221;][vc_column_inner column_padding=&#8221;no-extra-padding&#8221; column_padding_tablet=&#8221;inherit&#8221; column_padding_phone=&#8221;inherit&#8221; column_padding_position=&#8221;all&#8221; column_element_spacing=&#8221;default&#8221; background_color_opacity=&#8221;1&#8243; background_hover_color_opacity=&#8221;1&#8243; background_image=&#8221;13024&#8243; background_image_position=&#8221;center center&#8221; background_image_loading=&#8221;default&#8221; column_shadow=&#8221;none&#8221; column_border_radius=&#8221;none&#8221; column_link_target=&#8221;_self&#8221; advanced_gradient_angle=&#8221;0&#8243; gradient_direction=&#8221;left_to_right&#8221; overlay_strength=&#8221;0.3&#8243; width=&#8221;1\/1&#8243; tablet_width_inherit=&#8221;default&#8221; animation_type=&#8221;default&#8221; bg_image_animation=&#8221;none&#8221; parallax_bg=&#8221;true&#8221; parallax_bg_speed=&#8221;very_subtle&#8221; border_type=&#8221;simple&#8221; column_border_width=&#8221;none&#8221; column_border_style=&#8221;solid&#8221; gradient_type=&#8221;default&#8221;][divider line_type=&#8221;No Line&#8221; custom_height=&#8221;90vh&#8221; custom_height_tablet=&#8221;70vh&#8221; custom_height_phone=&#8221;60vh&#8221;][\/vc_column_inner][\/vc_row_inner][vc_row_inner column_margin=&#8221;default&#8221; column_direction=&#8221;default&#8221; column_direction_tablet=&#8221;default&#8221; column_direction_phone=&#8221;default&#8221; translate_y=&#8221;-50%&#8221; text_align=&#8221;left&#8221; min_width_desktop=&#8221;40%&#8221; row_position=&#8221;absolute&#8221; row_position_tablet=&#8221;inherit&#8221; row_position_phone=&#8221;inherit&#8221; top_position_desktop=&#8221;50%&#8221; left_position_desktop=&#8221;0&#8243; zindex=&#8221;50&#8243; overflow=&#8221;visible&#8221; pointer_events=&#8221;all&#8221;][vc_column_inner column_padding=&#8221;no-extra-padding&#8221; column_padding_tablet=&#8221;inherit&#8221; column_padding_phone=&#8221;inherit&#8221; column_padding_position=&#8221;all&#8221; column_element_spacing=&#8221;default&#8221; background_color_opacity=&#8221;1&#8243; background_hover_color_opacity=&#8221;1&#8243; background_image=&#8221;13023&#8243; background_image_position=&#8221;center center&#8221; background_image_loading=&#8221;lazy-load&#8221; column_shadow=&#8221;x_large_depth&#8221; column_border_radius=&#8221;none&#8221; column_link_target=&#8221;_self&#8221; advanced_gradient_angle=&#8221;0&#8243; gradient_direction=&#8221;left_to_right&#8221; overlay_strength=&#8221;0.3&#8243; width=&#8221;1\/1&#8243; tablet_width_inherit=&#8221;default&#8221; animation_type=&#8221;parallax&#8221; animation_movement_type=&#8221;default&#8221; column_parallax_intensity=&#8221;2.25&#8243; persist_movement_on_mobile=&#8221;true&#8221; bg_image_animation=&#8221;none&#8221; parallax_bg=&#8221;true&#8221; parallax_bg_speed=&#8221;very_subtle&#8221; border_type=&#8221;simple&#8221; column_border_width=&#8221;none&#8221; column_border_style=&#8221;solid&#8221; gradient_type=&#8221;default&#8221;][divider line_type=&#8221;No Line&#8221; custom_height=&#8221;50vh&#8221; custom_height_tablet=&#8221;40vh&#8221; custom_height_phone=&#8221;35vh&#8221;][\/vc_column_inner][\/vc_row_inner][\/vc_column][\/vc_row][vc_row type=&#8221;full_width_content&#8221; full_screen_row_position=&#8221;middle&#8221; column_margin=&#8221;default&#8221; column_direction=&#8221;default&#8221; column_direction_tablet=&#8221;default&#8221; column_direction_phone=&#8221;default&#8221; bg_color=&#8221;#ffffff&#8221; scene_position=&#8221;center&#8221; bottom_padding=&#8221;5%&#8221; text_color=&#8221;light&#8221; text_align=&#8221;left&#8221; row_border_radius=&#8221;none&#8221; row_border_radius_applies=&#8221;bg&#8221; overflow=&#8221;visible&#8221; advanced_gradient_angle=&#8221;0&#8243; overlay_strength=&#8221;0.3&#8243; gradient_direction=&#8221;left_to_right&#8221; enable_shape_divider=&#8221;true&#8221; shape_divider_color=&#8221;#09a092&#8243; shape_divider_position=&#8221;bottom&#8221; shape_divider_height=&#8221;50%&#8221; bg_image_animation=&#8221;none&#8221; shape_type=&#8221;straight_section&#8221; gradient_type=&#8221;default&#8221;][vc_column column_padding=&#8221;no-extra-padding&#8221; column_padding_tablet=&#8221;inherit&#8221; column_padding_phone=&#8221;inherit&#8221; column_padding_position=&#8221;all&#8221; column_element_spacing=&#8221;default&#8221; background_color_opacity=&#8221;1&#8243; background_hover_color_opacity=&#8221;1&#8243; column_shadow=&#8221;none&#8221; column_border_radius=&#8221;none&#8221; column_link_target=&#8221;_self&#8221; column_position=&#8221;default&#8221; gradient_direction=&#8221;left_to_right&#8221; overlay_strength=&#8221;0.3&#8243; width=&#8221;1\/1&#8243; tablet_width_inherit=&#8221;default&#8221; tablet_text_alignment=&#8221;default&#8221; phone_text_alignment=&#8221;default&#8221; animation_type=&#8221;default&#8221; bg_image_animation=&#8221;none&#8221; border_type=&#8221;simple&#8221; column_border_width=&#8221;none&#8221; column_border_style=&#8221;solid&#8221;][nectar_highlighted_text color_type=&#8221;gradient&#8221; highlight_color=&#8221;#e2b75f&#8221; text_color=&#8221;#353535&#8243; style=&#8221;half_text&#8221;]\n<h3 style=\"text-align: center;\">Find out more about our collaboration with <em>10Clouds<\/em> on the blog<\/h3>\n[\/nectar_highlighted_text][divider line_type=&#8221;No Line&#8221; custom_height=&#8221;20&#8243;][recent_posts style=&#8221;multiple_large_featured&#8221; large_featured_padding=&#8221;6%&#8221; mlf_navigation_location=&#8221;bottom&#8221; button_color=&#8221;Extra-Color-3&#8243; bg_overlay=&#8221;diagonal_gradient&#8221; category=&#8221;10clouds&#8221; multiple_large_featured_num=&#8221;3&#8243; order=&#8221;DESC&#8221; orderby=&#8221;date&#8221; auto_rotate=&#8221;none&#8221; image_loading=&#8221;default&#8221;][\/vc_column][\/vc_row]\n","protected":false},"excerpt":{"rendered":"<p>[vc_row type=&#8221;full_width_content&#8221; full_screen_row_position=&#8221;middle&#8221; column_margin=&#8221;default&#8221; equal_height=&#8221;yes&#8221; content_placement=&#8221;middle&#8221; column_direction=&#8221;default&#8221; column_direction_tablet=&#8221;column_reverse&#8221; column_direction_phone=&#8221;column_reverse&#8221; scene_position=&#8221;center&#8221; left_padding_tablet=&#8221;8%&#8221; constrain_group_4=&#8221;yes&#8221; right_padding_tablet=&#8221;8%&#8221; text_color=&#8221;dark&#8221; text_align=&#8221;left&#8221;&#8230;<\/p>\n","protected":false},"author":1,"featured_media":0,"parent":0,"menu_order":0,"comment_status":"closed","ping_status":"closed","template":"","meta":{"inline_featured_image":false,"_exactmetrics_skip_tracking":false,"_exactmetrics_sitenote_active":false,"_exactmetrics_sitenote_note":"","_exactmetrics_sitenote_category":0,"footnotes":""},"class_list":["post-15226","page","type-page","status-publish"],"yoast_head":"<!-- This site is optimized with the Yoast SEO plugin v26.7 - https:\/\/yoast.com\/wordpress\/plugins\/seo\/ -->\n<title>10Clouds - Case study - asperIT.com<\/title>\n<meta name=\"robots\" content=\"index, follow, max-snippet:-1, max-image-preview:large, max-video-preview:-1\" \/>\n<link rel=\"canonical\" href=\"https:\/\/asperit.com\/10clouds-case-study\/\" \/>\n<meta property=\"og:locale\" content=\"en_US\" \/>\n<meta property=\"og:type\" content=\"article\" \/>\n<meta property=\"og:title\" content=\"10Clouds - Case study - asperIT.com\" \/>\n<meta property=\"og:description\" content=\"[vc_row type=&#8221;full_width_content&#8221; full_screen_row_position=&#8221;middle&#8221; column_margin=&#8221;default&#8221; equal_height=&#8221;yes&#8221; content_placement=&#8221;middle&#8221; column_direction=&#8221;default&#8221; column_direction_tablet=&#8221;column_reverse&#8221; column_direction_phone=&#8221;column_reverse&#8221; scene_position=&#8221;center&#8221; left_padding_tablet=&#8221;8%&#8221; constrain_group_4=&#8221;yes&#8221; right_padding_tablet=&#8221;8%&#8221; text_color=&#8221;dark&#8221; text_align=&#8221;left&#8221;...\" \/>\n<meta property=\"og:url\" content=\"https:\/\/asperit.com\/10clouds-case-study\/\" \/>\n<meta property=\"og:site_name\" content=\"asperIT.com\" \/>\n<meta property=\"article:modified_time\" content=\"2023-03-06T11:50:19+00:00\" \/>\n<meta name=\"twitter:card\" content=\"summary_large_image\" \/>\n<meta name=\"twitter:label1\" content=\"Est. reading time\" \/>\n\t<meta name=\"twitter:data1\" content=\"7 minutes\" \/>\n<script type=\"application\/ld+json\" class=\"yoast-schema-graph\">{\"@context\":\"https:\/\/schema.org\",\"@graph\":[{\"@type\":\"WebPage\",\"@id\":\"https:\/\/asperit.com\/10clouds-case-study\/\",\"url\":\"https:\/\/asperit.com\/10clouds-case-study\/\",\"name\":\"10Clouds - Case study - asperIT.com\",\"isPartOf\":{\"@id\":\"https:\/\/asperit.com\/#website\"},\"datePublished\":\"2022-10-20T10:24:34+00:00\",\"dateModified\":\"2023-03-06T11:50:19+00:00\",\"breadcrumb\":{\"@id\":\"https:\/\/asperit.com\/10clouds-case-study\/#breadcrumb\"},\"inLanguage\":\"en-US\",\"potentialAction\":[{\"@type\":\"ReadAction\",\"target\":[\"https:\/\/asperit.com\/10clouds-case-study\/\"]}]},{\"@type\":\"BreadcrumbList\",\"@id\":\"https:\/\/asperit.com\/10clouds-case-study\/#breadcrumb\",\"itemListElement\":[{\"@type\":\"ListItem\",\"position\":1,\"name\":\"Strona g\u0142\u00f3wna\",\"item\":\"https:\/\/asperit.com\/en\/\"},{\"@type\":\"ListItem\",\"position\":2,\"name\":\"10Clouds &#8211; Case study\"}]},{\"@type\":\"WebSite\",\"@id\":\"https:\/\/asperit.com\/#website\",\"url\":\"https:\/\/asperit.com\/\",\"name\":\"asperIT.com\",\"description\":\"Testujemy oprogramowanie z neuronietypowym podej\u015bciem i pomagamy firmom budowa\u0107 \u015brodowisko pracy przyjazne osobom w spektrum autyzmu\",\"potentialAction\":[{\"@type\":\"SearchAction\",\"target\":{\"@type\":\"EntryPoint\",\"urlTemplate\":\"https:\/\/asperit.com\/?s={search_term_string}\"},\"query-input\":{\"@type\":\"PropertyValueSpecification\",\"valueRequired\":true,\"valueName\":\"search_term_string\"}}],\"inLanguage\":\"en-US\"}]}<\/script>\n<!-- \/ Yoast SEO plugin. -->","yoast_head_json":{"title":"10Clouds - Case study - asperIT.com","robots":{"index":"index","follow":"follow","max-snippet":"max-snippet:-1","max-image-preview":"max-image-preview:large","max-video-preview":"max-video-preview:-1"},"canonical":"https:\/\/asperit.com\/10clouds-case-study\/","og_locale":"en_US","og_type":"article","og_title":"10Clouds - Case study - asperIT.com","og_description":"[vc_row type=&#8221;full_width_content&#8221; full_screen_row_position=&#8221;middle&#8221; column_margin=&#8221;default&#8221; equal_height=&#8221;yes&#8221; content_placement=&#8221;middle&#8221; column_direction=&#8221;default&#8221; column_direction_tablet=&#8221;column_reverse&#8221; column_direction_phone=&#8221;column_reverse&#8221; scene_position=&#8221;center&#8221; left_padding_tablet=&#8221;8%&#8221; constrain_group_4=&#8221;yes&#8221; right_padding_tablet=&#8221;8%&#8221; text_color=&#8221;dark&#8221; text_align=&#8221;left&#8221;...","og_url":"https:\/\/asperit.com\/10clouds-case-study\/","og_site_name":"asperIT.com","article_modified_time":"2023-03-06T11:50:19+00:00","twitter_card":"summary_large_image","twitter_misc":{"Est. reading time":"7 minutes"},"schema":{"@context":"https:\/\/schema.org","@graph":[{"@type":"WebPage","@id":"https:\/\/asperit.com\/10clouds-case-study\/","url":"https:\/\/asperit.com\/10clouds-case-study\/","name":"10Clouds - Case study - asperIT.com","isPartOf":{"@id":"https:\/\/asperit.com\/#website"},"datePublished":"2022-10-20T10:24:34+00:00","dateModified":"2023-03-06T11:50:19+00:00","breadcrumb":{"@id":"https:\/\/asperit.com\/10clouds-case-study\/#breadcrumb"},"inLanguage":"en-US","potentialAction":[{"@type":"ReadAction","target":["https:\/\/asperit.com\/10clouds-case-study\/"]}]},{"@type":"BreadcrumbList","@id":"https:\/\/asperit.com\/10clouds-case-study\/#breadcrumb","itemListElement":[{"@type":"ListItem","position":1,"name":"Strona g\u0142\u00f3wna","item":"https:\/\/asperit.com\/en\/"},{"@type":"ListItem","position":2,"name":"10Clouds &#8211; Case study"}]},{"@type":"WebSite","@id":"https:\/\/asperit.com\/#website","url":"https:\/\/asperit.com\/","name":"asperIT.com","description":"Testujemy oprogramowanie z neuronietypowym podej\u015bciem i pomagamy firmom budowa\u0107 \u015brodowisko pracy przyjazne osobom w spektrum autyzmu","potentialAction":[{"@type":"SearchAction","target":{"@type":"EntryPoint","urlTemplate":"https:\/\/asperit.com\/?s={search_term_string}"},"query-input":{"@type":"PropertyValueSpecification","valueRequired":true,"valueName":"search_term_string"}}],"inLanguage":"en-US"}]}},"_links":{"self":[{"href":"https:\/\/asperit.com\/en\/wp-json\/wp\/v2\/pages\/15226","targetHints":{"allow":["GET"]}}],"collection":[{"href":"https:\/\/asperit.com\/en\/wp-json\/wp\/v2\/pages"}],"about":[{"href":"https:\/\/asperit.com\/en\/wp-json\/wp\/v2\/types\/page"}],"author":[{"embeddable":true,"href":"https:\/\/asperit.com\/en\/wp-json\/wp\/v2\/users\/1"}],"replies":[{"embeddable":true,"href":"https:\/\/asperit.com\/en\/wp-json\/wp\/v2\/comments?post=15226"}],"version-history":[{"count":19,"href":"https:\/\/asperit.com\/en\/wp-json\/wp\/v2\/pages\/15226\/revisions"}],"predecessor-version":[{"id":16071,"href":"https:\/\/asperit.com\/en\/wp-json\/wp\/v2\/pages\/15226\/revisions\/16071"}],"wp:attachment":[{"href":"https:\/\/asperit.com\/en\/wp-json\/wp\/v2\/media?parent=15226"}],"curies":[{"name":"wp","href":"https:\/\/api.w.org\/{rel}","templated":true}]}}